{"id":1004,"date":"2024-10-03T11:52:48","date_gmt":"2024-10-03T09:52:48","guid":{"rendered":"https:\/\/roco2.crealogica.eu\/condicions-generals-de-venda-de-lempresa-rocoparts-s-l\/"},"modified":"2026-02-14T17:39:10","modified_gmt":"2026-02-14T16:39:10","slug":"condicions-generals-de-venda-de-lempresa-rocoparts-s-l","status":"publish","type":"page","link":"https:\/\/www.rocoparts.es\/ca\/condicions-generals-de-venda-de-lempresa-rocoparts-s-l\/","title":{"rendered":"Condicions generals de venda de l&#8217;empresa Rocoparts S.L."},"content":{"rendered":"\n<h3 class=\"wp-block-heading\">1.- \u00c0mbit d&#8217;aplicaci\u00f3.<\/h3>\n\n<p>(I) Les presents Condicions Generals de Venda (\u201cCCGVV\u201d) s\u2019aplicaran a totes les vendes, serveis, i a les ofertes i comandes relatives a aquestes, que la companyia ROCOPARTS S.L., amb domicili al carrer Magdalena Corcoll n\u00famero 11, de Molins de Rei, i amb CIF n\u00famero B-65.328.353 (d\u2019ara endavant la \u201cCompanyia\u201d), dugui a terme per a altres empreses o comerciants (d\u2019ara endavant el\/s \u201cClient\/s\u201d). La Companyia ven i at\u00e9n \u00fanicament comandes de recanvis originals en caixa original, d\u2019ara endavant els \u201cProductes\u201d, exclusivament a l\u2019engr\u00f2s, a altres comerciants que no actu\u00efn en qualitat de \u201cconsumidors\u201d, sin\u00f3 que tinguin la intenci\u00f3 de revendre els productes adquirits als seus clients.<\/p>\n\n<p>(II) Les presents CCGVV s\u2019entendran \u00edntegrament acceptades pels Clients pel sol fet de realitzar una comanda o una sol\u00b7licitud d\u2019informaci\u00f3.<\/p>\n\n<p>(III) Queda expressament exclosa l\u2019aplicaci\u00f3, a les relacions que s\u2019estableixin entre la Companyia i els Clients, de qualsevol altra condici\u00f3 general diferent de les presents i de les que poguessin disposar els Clients, fins i tot en el cas que la Companyia en tingu\u00e9s coneixement, sense que sigui necessari que la Companyia faci cap tipus de reserva o salvetat al respecte. L\u2019acceptaci\u00f3 de qualsevol altra condici\u00f3 general requerir\u00e0, per part de la Companyia, el consentiment expr\u00e9s i formulat per escrit.<\/p>\n\n<h3 class=\"wp-block-heading\">2.- Ofertes i comandes.<\/h3>\n\n<p>(I) Les ofertes estan sempre i a tots els efectes condicionades a l\u2019acceptaci\u00f3 posterior, per part de la Companyia i per escrit, de la corresponent comanda.<\/p>\n\n<p>(II) Qualsevol condici\u00f3 consignada pel Client en la comanda que no s\u2019ajusti a les CCGVV es considerar\u00e0 inefica\u00e7.<\/p>\n\n<p>(III) Les comandes d\u2019una quantitat determinada de Productes es podran complir mitjan\u00e7ant lliuraments parcials o totals.<\/p>\n\n<h3 class=\"wp-block-heading\">3.- Acceptaci\u00f3 de les comandes.<\/h3>\n\n<p>(I) Un cop rebuda una comanda, la Companyia remetr\u00e0 l\u2019acceptaci\u00f3 d\u2019aquesta condicionada al pagament per transfer\u00e8ncia d\u2019una factura proforma per un vint-i-cinc (25%) per cent del preu total de la comanda. Un cop rebut el pagament d\u2019aquesta factura proforma, processar\u00e0 la comanda i remetr\u00e0 l\u2019acceptaci\u00f3 definitiva de la comanda.<\/p>\n\n<p>(II) Un cop efectuat el pagament de la referida factura proforma, el Client no podr\u00e0 cancel\u00b7lar, ni totalment ni parcialment, la comanda.<\/p>\n\n<h3 class=\"wp-block-heading\">4.- Informaci\u00f3 continguda en cat\u00e0legs i a la web.<\/h3>\n\n<p>La Companyia posar\u00e0 el m\u00e0xim esfor\u00e7 perqu\u00e8 les descripcions, dibuixos i, en general, la informaci\u00f3 continguda als cat\u00e0legs i a la seva web siguin exactes, tot i que aquests elements tindran un valor merament orientatiu i aproximat.<\/p>\n\n<h3 class=\"wp-block-heading\">5.- Preus.<\/h3>\n\n<p>(I) Els preus es consignaran en Euros i nets d\u2019impostos i despeses, i s\u2019aplicaran segons la tarifa Franco F\u00e0brica\/Ex Works El Papiol \u2013 Barcelona (\u00e9s a dir, nets d\u2019impostos, assegurances i despeses d\u2019enviament), vigent a la web de la Companyia en la data d\u2019entrada de la comanda.<\/p>\n\n<p>(II) A aquests preus s\u2019hi afegiran, si escau, els tributs que legalment corresponguin. Els aranzels duaners, en cas que s\u2019apliquin, seran sempre a c\u00e0rrec del Client.<\/p>\n\n<p>(III) El pagament ser\u00e0 sempre en Euros, essent per tant a c\u00e0rrec del Client qualsevol possible variaci\u00f3 en el tipus de canvi.<\/p>\n\n<p>(IV) Totes les despeses banc\u00e0ries seran a c\u00e0rrec del Client.<\/p>\n\n<h3 class=\"wp-block-heading\">6.- Pagament de la resta de la comanda.<\/h3>\n\n<p>(I) El pagament de la resta de la comanda realitzada, incloent-hi el preu i els impostos, si escau, es far\u00e0 mitjan\u00e7ant transfer\u00e8ncia banc\u00e0ria per avan\u00e7at, abans de l\u2019enviament dels Productes, en un termini de 48 hores des de la comunicaci\u00f3 de l\u2019acceptaci\u00f3 definitiva i l\u2019emissi\u00f3 de la factura final per part de la Companyia.<\/p>\n\n<p>(II) La data de pagament ser\u00e0 el dia en qu\u00e8 la Companyia rebi efectivament el pagament.<\/p>\n\n<h3 class=\"wp-block-heading\">7.- Entrega dels Productes.<\/h3>\n\n<p>7.- Lliurament dels Productes.<\/p>\n\n<p>(II) En cas d\u2019esdeveniments de for\u00e7a major o qualsevol succ\u00e9s imprevisible en el moment de la conclusi\u00f3 del contracte, com ara desastres naturals, incendis, adopci\u00f3 de mesures administratives, tancaments legals patronals, manca o defici\u00e8ncies en les mat\u00e8ries primeres i\/o el material, i que no siguin imputables a la Companyia, aquesta podr\u00e0 b\u00e9 prorrogar els terminis de lliurament, si aquests esdeveniments i succ\u00e9s tenen car\u00e0cter transitori, b\u00e9 desistir del contracte, si no tenen car\u00e0cter transitori, impossibiliten o dificulten essencialment el subministrament o la realitzaci\u00f3 de les prestacions, o no es pot preveure raonablement quan cessaran. La mateixa norma s\u2019aplicar\u00e0 quan aquests fets afectin prove\u00efdors de la Companyia. En cas que la Companyia opti per desistir del contracte, es dur\u00e0 a terme entre les parts la liquidaci\u00f3 que correspongui, renunciant ambdues parts a res reclamar-se ni demanar-se.<\/p>\n\n<p>(III) En cas de substituci\u00f3 d\u2019alguna refer\u00e8ncia d\u2019algun Producte per part del fabricant, la Companyia servir\u00e0 la que rebi del fabricant.<\/p>\n\n<p>(IV) No s\u2019acceptaran devolucions de cap Producte sense l\u2019expresa conformitat de la Companyia.<\/p>\n\n<p>(V) En cap cas s\u2019acceptaran devolucions per desistiment de compra.<\/p>\n\n<p>(VI) Nom\u00e9s s\u2019acceptaran devolucions de i) Productes defectuosos o en mal estat en el moment de la recepci\u00f3 per part del client, sempre que el Client acrediti el deteriorament mitjan\u00e7ant fotografies i\/o ii) Productes que no corresponguin a la comanda acceptada per la Companyia.<\/p>\n\n<h3 class=\"wp-block-heading\">8.- Transmissi\u00f3 dels riscos.<\/h3>\n\n<p>(I) Els riscos per p\u00e8rdua o deteriorament dels Productes es transmetran al Client en el moment del lliurament al transportista.<\/p>\n\n<p>(II) En cas que el lliurament o posada a disposici\u00f3 es demor\u00e9s per causa imputable al Client, la transmissi\u00f3 dels riscos es produir\u00e0 des del moment en qu\u00e8, segons l\u2019acordat, hauria d\u2019haver-se produ\u00eft el lliurament o posada a disposici\u00f3.<\/p>\n\n<h3 class=\"wp-block-heading\">9.- Reclamacions respecte als Productes.<\/h3>\n\n<p>(I) Les eventuals reclamacions evidents relatives a les discordances amb la comanda acceptada i\/o l\u2019estat de l\u2019embalatge dels Productes subministrats s\u2019hauran de fer de forma immediata per escrit i adjuntant fotografies, en el moment del lliurament dels mateixos, deixant const\u00e0ncia d\u2019aquestes reclamacions a l\u2019albar\u00e0 de lliurament. Queda exclosa qualsevol reclamaci\u00f3 posterior relativa a aquests aspectes.<\/p>\n\n<p>(II) Les eventuals reclamacions relatives a qualsevol defecte visible o aparent s\u2019hauran de notificar a la Companyia per escrit i de forma detallada, adjuntant fotografies, tan aviat com sigui possible i, en tot cas, dins dels tres (3) dies h\u00e0bils seg\u00fcents a la data de lliurament, especificant sempre el n\u00famero d\u2019albar\u00e0 de lliurament. Si el Client no notific\u00e0s aquests defectes dins del termini indicat, els Productes es consideraran acceptats, excepte pel que fa a la possible exist\u00e8ncia de defectes ocults.<\/p>\n\n<p>(III) Pel que fa a possibles defectes ocults en els Productes, la Companyia atorga, en relaci\u00f3 amb aquests, una garantia per un per\u00edode de sis (6) mesos a comptar des de la data de lliurament dels Productes en q\u00fcesti\u00f3. Aquesta garantia es refereix, exclusivament, a defectes ocults d\u2019origen originari, per la qual cosa queden exclosos d\u2019aquesta aquells defectes causats per agents externs o per un \u00fas, instal\u00b7laci\u00f3, conservaci\u00f3, tractament o emmagatzematge incorrectes.<\/p>\n\n<p>(IV) Les reclamacions efectuades per possibles defectes ocults s\u2019hauran de fer tamb\u00e9 per escrit i de forma detallada, indicant l\u2019albar\u00e0 de lliurament, com a m\u00e0xim dins dels cinc (5) dies seg\u00fcents a la data en qu\u00e8 el defecte hagu\u00e9s quedat manifest. En cas contrari, els Productes subministrats es consideraran acceptats a tots els efectes.<\/p>\n\n<p>(V) Tots els drets de reclamaci\u00f3 que corresponguin al Client quedaran sense efecte si aquest no permet que, de forma immediata, s\u2019inspeccionin els defectes als quals fa refer\u00e8ncia la reclamaci\u00f3. La devoluci\u00f3 dels Productes nom\u00e9s podr\u00e0 efectuar-se pr\u00e8via autoritzaci\u00f3 expressa per part de la Companyia.<\/p>\n\n<p>(VI) En relaci\u00f3 amb les reclamacions, el Client tindr\u00e0 \u00fanicament dret, a elecci\u00f3 de la Companyia, a la substituci\u00f3 dels Productes defectuosos, a la seva reparaci\u00f3, a la modificaci\u00f3 del contracte, o a una reducci\u00f3 o, si escau, devoluci\u00f3 del preu pagat pels Productes als quals es refereixi la reclamaci\u00f3.<\/p>\n\n<p>(VII) Sigui quina sigui la soluci\u00f3 donada per la Companyia a la reclamaci\u00f3, es considera sense perjudici de la Garantia que pugui donar el fabricant de les mercaderies.<\/p>\n\n<h3 class=\"wp-block-heading\">10.- Limitaci\u00f3 de responsabilitats.<\/h3>\n\n<p>(I) La Companyia no respondr\u00e0 per danys i perjudicis, sigui quina sigui la base legal de la responsabilitat (impossibilitat de la prestaci\u00f3, mora, subministrament defectu\u00f3s, incompliment contractual, incompliment d\u2019obligacions precontractuals, responsabilitat extracontractual, actuacions deslleials, etc.), llevat que concurri dolo o culpa greu.<\/p>\n\n<p>(II) Aquesta limitaci\u00f3 de responsabilitat no regir\u00e0 respecte de la vulneraci\u00f3 d\u2019obligacions contractuals de car\u00e0cter essencial, de danys contra la vida i la integritat f\u00edsica, i d\u2019aquells sup\u00f2sits en qu\u00e8 s\u2019hagi de respondre conforme a una norma de car\u00e0cter imperatiu, per exemple, d\u2019acord amb la normativa aplicable en mat\u00e8ria de responsabilitat civil per danys causats per productes defectuosos.<\/p>\n\n<p>(III) La Companyia nom\u00e9s respondr\u00e0, en tot cas, pels danys directes i pels danys t\u00edpicament contractuals que fossin previsibles en el moment de la conclusi\u00f3 del contracte. Queda exclosa tota responsabilitat per lucre cessant.<\/p>\n\n<p>(IV) Les accions per danys i perjudicis contra la Companyia nom\u00e9s podran ser exercides pel Client, que no podr\u00e0 transferir-les a tercers.<\/p>\n\n<p>(V) Si els danys i perjudicis ocasionats estiguessin coberts per una asseguran\u00e7a contractada a tal efecte pel Client, la Companyia nom\u00e9s respondr\u00e0 pels perjudicis que realment s\u2019hagin ocasionat al Client, com un eventual augment de les primes d\u2019asseguran\u00e7a contractades o els interessos derivats del pagament de la indemnitzaci\u00f3 fins a la regularitzaci\u00f3 de la compensaci\u00f3 dels perjudicis per part de la companyia asseguradora del Client.<\/p>\n\n<p>(VI) Amb la m\u00e0xima extensi\u00f3 legalment permesa, la responsabilitat de la Companyia no excedir\u00e0 el preu pagat pel Client.<\/p>\n\n<h3 class=\"wp-block-heading\">11.- Privadesa i Protecci\u00f3 de Dades Personals.<\/h3>\n\n<p>(I) En compliment del que disposa la Llei 3\/2018 de 5 de desembre de 2018, de Protecci\u00f3 de Dades de Car\u00e0cter Personal i Garantia de Drets Digitals, i del Reglament UE 2016\/679, de 27 d\u2019abril de 2016, la Companyia informa l\u2019usuari que totes les dades de car\u00e0cter personal que ens proporcioni a trav\u00e9s del lloc web seran incorporades a un fitxer creat i mantingut sota la responsabilitat de la Companyia.<\/p>\n\n<p>(II) Les dades de car\u00e0cter personal seran utilitzades amb la finalitat de gestionar els serveis oferits, tramitar comandes, realitzar tasques administratives, aix\u00ed com remetre informaci\u00f3 t\u00e8cnica, comercial o publicit\u00e0ria per via ordin\u00e0ria o electr\u00f2nica als seus clients o usuaris sobre productes o serveis que puguin ser del seu inter\u00e8s. Aquesta acceptaci\u00f3 sempre tindr\u00e0 car\u00e0cter revocable.<\/p>\n\n<p>(III) La Companyia garanteix la confidencialitat i seguretat de les seves dades de car\u00e0cter personal quan aquestes s\u00f3n objecte de tractament, en la mesura que t\u00e9 implantades les pol\u00edtiques de tractament i mesures de seguretat a qu\u00e8 es refereix l\u2019article 28 de la Llei 3\/2018 i l\u2019article 24 del Reglament UE 2016\/679.<\/p>\n\n<p>(IV) En lliurar volunt\u00e0riament les seves dades o les de tercers, el Client admet tenir el consentiment d\u2019aquests tercers per a la cessi\u00f3 de les seves dades, i consenteix expressament el seu tractament automatitzat o no per part de la Companyia, aix\u00ed com la seva cessi\u00f3 a altres entitats la connexi\u00f3 de les quals amb les seves dades sigui necess\u00e0ria o legalment obligat\u00f2ria.<\/p>\n\n<p>(V) El client pot exercir els drets d\u2019acc\u00e9s, rectificaci\u00f3, portabilitat i supressi\u00f3 de les seves dades, aix\u00ed com els de limitaci\u00f3 i oposici\u00f3 al seu tractament, adre\u00e7ant-se a ROCOPARTS S.L. enviant un correu electr\u00f2nic a info@rocoparts.es.<\/p>\n\n<h3 class=\"wp-block-heading\">12.- Dret aplicable i Foro competent.<\/h3>\n\n<p>(I) Les relacions entre la Companyia i el Client es regiran pel Dret espanyol de car\u00e0cter com\u00fa general (Codi de Comer\u00e7, Codi Civil i altra normativa d\u2019abast nacional).<br\/><\/p>\n\n<p>(II) Qualsevol disputa o controv\u00e8rsia que pugui sorgir entre les parts en relaci\u00f3 amb les presents CCGGVV i\/o els contractes subscrits sota les mateixes, es sustanciaran davant la Jurisdicci\u00f3 dels jutjats i tribunals de la ciutat de Barcelona (Espanya). No obstant aix\u00f2, si aix\u00ed ho desitja, la Companyia podr\u00e0 exercitar accions legals contra el Client davant els tribunals del domicili d\u2019aquest. Queden en tot cas a salvo les disposicions legals sobre aquesta mat\u00e8ria de car\u00e0cter imperatiu.<br\/><\/p>\n\n<h3 class=\"wp-block-heading\">13.- Eventuals discrep\u00e0ncies.<\/h3>\n\n<p>En cas d\u2019eventuals discrep\u00e0ncies, prevaldr\u00e0 el text d\u2019aquestes condicions generals en castell\u00e0.<\/p>\n","protected":false},"excerpt":{"rendered":"<p>1.- \u00c0mbit d&#8217;aplicaci\u00f3. (I) Les presents Condicions Generals de Venda (\u201cCCGVV\u201d) s\u2019aplicaran a totes les vendes, serveis, i a les ofertes i comandes relatives a aquestes, que la companyia ROCOPARTS S.L., amb domicili al carrer Magdalena Corcoll n\u00famero 11, de Molins de Rei, i amb CIF n\u00famero B-65.328.353 (d\u2019ara endavant la \u201cCompanyia\u201d), dugui a terme [&hellip;]<\/p>\n","protected":false},"author":1,"featured_media":0,"parent":0,"menu_order":0,"comment_status":"closed","ping_status":"closed","template":"","meta":{"inline_featured_image":false,"footnotes":""},"class_list":["post-1004","page","type-page","status-publish","hentry"],"_links":{"self":[{"href":"https:\/\/www.rocoparts.es\/ca\/wp-json\/wp\/v2\/pages\/1004","targetHints":{"allow":["GET"]}}],"collection":[{"href":"https:\/\/www.rocoparts.es\/ca\/wp-json\/wp\/v2\/pages"}],"about":[{"href":"https:\/\/www.rocoparts.es\/ca\/wp-json\/wp\/v2\/types\/page"}],"author":[{"embeddable":true,"href":"https:\/\/www.rocoparts.es\/ca\/wp-json\/wp\/v2\/users\/1"}],"replies":[{"embeddable":true,"href":"https:\/\/www.rocoparts.es\/ca\/wp-json\/wp\/v2\/comments?post=1004"}],"version-history":[{"count":3,"href":"https:\/\/www.rocoparts.es\/ca\/wp-json\/wp\/v2\/pages\/1004\/revisions"}],"predecessor-version":[{"id":1007,"href":"https:\/\/www.rocoparts.es\/ca\/wp-json\/wp\/v2\/pages\/1004\/revisions\/1007"}],"wp:attachment":[{"href":"https:\/\/www.rocoparts.es\/ca\/wp-json\/wp\/v2\/media?parent=1004"}],"curies":[{"name":"wp","href":"https:\/\/api.w.org\/{rel}","templated":true}]}}