{"id":1022,"date":"2024-10-03T11:43:39","date_gmt":"2024-10-03T09:43:39","guid":{"rendered":"https:\/\/roco2.crealogica.eu\/avis-legal\/"},"modified":"2026-02-14T17:38:26","modified_gmt":"2026-02-14T16:38:26","slug":"avis-legal","status":"publish","type":"page","link":"https:\/\/www.rocoparts.es\/ca\/avis-legal\/","title":{"rendered":"Av\u00eds legal"},"content":{"rendered":"\n<p>Per tal de donar compliment a l&#8217;article 10 de la Llei 34\/2002 de Serveis de la Societat de la Informaci\u00f3 i del Comer\u00e7 Electr\u00f2nic, informem els usuaris de les nostres dades:<\/p>\n\n<p>Denominaci\u00f3 Social: ROCOPARTS SL<br\/>Domicili Social: Magdalena Corcoll 11, 08750 Molins de Rei (Barcelona)<br\/>NIF: B65328353<br\/>Tel\u00e8fon: 936730058<br\/>E-Mail: info@rocoparts.es<br\/>Lloc Web: wwww.rocoparts.es<br\/>Dades Registrals: INSCRIT en el TOM 41886, FOLI 13, FULLA B394499, INSCRIPCION 1.<\/p>\n\n<h3 class=\"wp-block-heading\">1.- OBJECTE<\/h3>\n\n<p>ROCOPARTS SL (d&#8217;ara endavant tamb\u00e9 el prestador) com a responsable del lloc web, posa a disposici\u00f3 dels usuaris aquest document, que regula l&#8217;\u00fas del lloc web wwww.rocoparts.es, amb el qual pretenem donar compliment a les obligacions que disposa la Llei 34\/2002, de Serveis de la Societat de la Informaci\u00f3 i del Comer\u00e7 Electr\u00f2nic (LSSICE o LSSI), aix\u00ed com \u00fas del lloc web.<\/p>\n\n<p>A trav\u00e9s del Web, ROCOPARTS SL facilita als usuaris l&#8217;acc\u00e9s i la utilitzaci\u00f3 de diferents serveis i continguts posats a disposici\u00f3 a trav\u00e9s del web.<\/p>\n\n<p>Tota persona que accedeixi a aquesta web assumeix el paper d&#8217;usuari (d&#8217;ara endavant l&#8217;usuari), i implica l&#8217;acceptaci\u00f3 total i sense reserves de totes i cadascuna de les disposicions incloses en aquest av\u00eds legal, aix\u00ed com qualsevol altra disposici\u00f3 legal que sigui aplicable.<\/p>\n\n<p>Com a usuaris, han de llegir atentament aquest Av\u00eds Legal en qualsevol de les ocasions que entrin a la web, ja que aquesta pot patir modificacions ja que el prestador es reserva el dret a modificar qualsevol tipus d&#8217;informaci\u00f3 que pogu\u00e9s apar\u00e8ixer a la web, sense que hi hagi l&#8217;obligaci\u00f3 de pre-avisar o posar en coneixement dels usuaris aquestes obligacions, sent suficients la publicaci\u00f3 al lloc web del prestador.<\/p>\n\n<h3 class=\"wp-block-heading\">2. CONDICIONS D&#8217;ACC\u00c9S I \u00daS DEL WEB.<\/h3>\n\n<h4 class=\"wp-block-heading\">2.1. Car\u00e0cter gratu\u00eft de l&#8217;acc\u00e9s i l&#8217;\u00fas de la web.<\/h4>\n\n<p>La prestaci\u00f3 dels serveis per part de ROCOPARTS SL t\u00e9 car\u00e0cter gratu\u00eft per a tots els usuaris. Tot i aix\u00f2, alguns dels serveis subministrats pel prestador a trav\u00e9s del web estan subjectes al pagament d&#8217;un preu determinat a les condicions generals de contractaci\u00f3.<\/p>\n\n<h4 class=\"wp-block-heading\">2.2. Registre d&#8217;usuari.<\/h4>\n\n<p>Amb car\u00e0cter general la prestaci\u00f3 dels serveis no exigeix \u200b\u200bla pr\u00e8via subscripci\u00f3 o registre dels usuaris. Tot i aix\u00ed, ROCOPARTS SL condiciona l&#8217;\u00fas d&#8217;alguns dels serveis a la complementaci\u00f3 pr\u00e8via del corresponent registre d&#8217;usuari. Aquest registre s&#8217;efectuar\u00e0 en la forma expressament indicada a la pr\u00f2pia secci\u00f3 del servei.<\/p>\n\n<h4 class=\"wp-block-heading\">2.3. Veracitat de la informaci\u00f3.<\/h4>\n\n<p>Tota la informaci\u00f3 que facilita l&#8217;usuari ha de ser vera\u00e7. A aquest efecte, l&#8217;usuari garanteix l&#8217;autenticitat de les dades comunicades a trav\u00e9s dels formularis per a la subscripci\u00f3 dels serveis. Ser\u00e0 responsabilitat de l&#8217;Usuari mantenir tota la informaci\u00f3 facilitada a ROCOPARTS SL permanentment actualitzada de manera que respongui, a cada moment, a la seva situaci\u00f3 real. En tot cas, l&#8217;Usuari ser\u00e0 l&#8217;\u00fanic responsable de les manifestacions falses o inexactes que faci i dels perjudicis que causi el prestador o tercers.<\/p>\n\n<h4 class=\"wp-block-heading\">2.4. Obligaci\u00f3 de fer un \u00fas correcte de la web.<\/h4>\n\n<p>L&#8217;Usuari es compromet a utilitzar la Web de conformitat a la Llei i al present Av\u00eds Legal, aix\u00ed com a la moral i als bons costums.<\/p>\n\n<p>En particular, ia t\u00edtol indicatiu per\u00f2 no exhaustiu, l&#8217;Usuari es compromet a no transmetre, difondre o posar a disposici\u00f3 de tercers informacions, dades, continguts, missatges, gr\u00e0fics, dibuixos, arxius de so o imatge, fotografies, enregistraments, programari i, en general, qualsevol classe de material que: (a) sigui contr\u00e0ria, menysprea o atempti contra els drets fonamentals altres normes vigents; (b) indueixi, inciti o promogui actuacions delictives, denigrants, difamat\u00f2ries, violentes o, en general, contr\u00e0ries a la llei, a la moral ia l&#8217;ordre p\u00fablic; (c) indueixi, inciti o promogui actuacions, actituds o pensaments discriminatoris per ra\u00f3 de sexe, ra\u00e7a, religi\u00f3, creences, edat o condici\u00f3; (d) sigui contrari al dret a l&#8217;honor, a la intimitat personal o familiar oa la pr\u00f2pia imatge de les persones; (e) de qualsevol manera perjudiqui la credibilitat del prestador o de tercers; i (f) constitueixi publicitat il\u00b7l\u00edcita, enganyosa o deslleial.<\/p>\n\n<h3 class=\"wp-block-heading\">3.- EXCLUSI\u00d3 DE GARANTIES I RESPONSABILITAT<\/h3>\n\n<p>El prestador s&#8217;eximeix de qualsevol tipus de responsabilitat derivada de la informaci\u00f3 publicada al nostre lloc web, sempre que aquesta informaci\u00f3 hagi estat manipulada o introdu\u00efda per un tercer ali\u00e8. Aquesta web ha estat revisada i provada perqu\u00e8 funcioni correctament. En principi, es pot garantir el funcionament correcte els 365 dies de l&#8217;any, 24 hores al dia. Tot i aix\u00f2, el prestador no descarta la possibilitat que hi hagi determinats errors de programaci\u00f3, o que succeeixin causes de for\u00e7a major, cat\u00e0strofes naturals, vagues, o circumst\u00e0ncies semblants que facin impossible l&#8217;acc\u00e9s a la p\u00e0gina web.<\/p>\n\n<p>ROCOPARTS SL no atorga cap garantia ni es fa responsable, en cap cas, dels danys i perjudicis de qualsevol naturalesa que puguin sortir a col\u00b7laci\u00f3 de la manca de disponibilitat, manteniment i efectiu funcionament de la web o dels seus serveis i continguts; utilitat i disponibilitat dels serveis prestats per tercers i posats a disposici\u00f3 dels usuaris al lloc web.<\/p>\n\n<p>El prestador no es fa responsable sota cap concepte dels danys que puguin dimanar de l\u00fas il\u00b7legal o indegut de la present p\u00e0gina web.<\/p>\n\n<h3 class=\"wp-block-heading\">4.- COOKIES<\/h3>\n\n<p>El lloc web del prestador pot utilitzar cookies (petits arxius d&#8217;informaci\u00f3 que el servidor envia a l&#8217;ordinador de qui accedeix a la p\u00e0gina) per dur a terme determinades funcions que s\u00f3n considerades imprescindibles per al correcte funcionament i la visualitzaci\u00f3 del lloc. Les cookies utilitzades tenen, en tot cas, car\u00e0cter temporal, amb l&#8217;\u00fanica finalitat de fer m\u00e9s efica\u00e7 la navegaci\u00f3, i desapareixen en acabar la sessi\u00f3 de l&#8217;usuari.<\/p>\n\n<p>En cap cas no s&#8217;utilitzaran les cookies per recollir informaci\u00f3 de car\u00e0cter personal. Per a m\u00e9s informaci\u00f3, vegeu la nostra Pol\u00edtica de Cookies.<\/p>\n\n<h3 class=\"wp-block-heading\">5.- LINKS<\/h3>\n\n<p>Des del lloc web \u00e9s possible que es redirigeixi a continguts de tercers webs. At\u00e8s que des del web no podem controlar sempre els continguts introdu\u00efts pels tercers, ROCOPARTS SL no assumeix cap mena de responsabilitat respecte a aquests continguts. En tot cas, el prestador manifesta que procedir\u00e0 a la retirada immediata de qualsevol contingut que pogu\u00e9s contravenir la legislaci\u00f3 nacional o internacional, la moral o l&#8217;ordre p\u00fablic, procedint a la retirada immediata de la redirecci\u00f3 a aquestes webs, posant en coneixement de les autoritats competents el contingut en q\u00fcesti\u00f3.<\/p>\n\n<h3 class=\"wp-block-heading\">6.- PROTECCI\u00d3 DE DADES PERSONALS<\/h3>\n\n<p>El prestador est\u00e0 comprom\u00e8s profundament amb el compliment de la normativa de protecci\u00f3 de dades personals i garanteix el compliment \u00edntegre de les obligacions disposades, aix\u00ed com la implementaci\u00f3 de les mesures de seguretat disposades al Reglament Europeu de Protecci\u00f3 de dades i la normativa espanyola de protecci\u00f3 de dades. Per a m\u00e9s informaci\u00f3, vegeu la nostra Pol\u00edtica de Privadesa.<\/p>\n\n<h3 class=\"wp-block-heading\">7. PROPIETAT INTEL\u00b7LECTUAL I INDUSTRIAL<\/h3>\n\n<p>El lloc web, incloent-hi a t\u00edtol enunciatiu per\u00f2 no limitatiu la programaci\u00f3, edici\u00f3, compilaci\u00f3 i altres elements necessaris per al seu funcionament, els dissenys, logotips, textos, fotografies i\/o gr\u00e0fics s\u00f3n propietat del prestador o, en cas que fos necessari, disposa de la llic\u00e8ncia o autoritzaci\u00f3 expressa per part dels autors. Tots els continguts del lloc web estan degudament protegits per la normativa de propietat intel\u00b7lectual i industrial.<\/p>\n\n<p>Independentment de la finalitat per la qual fossin destinats, la reproducci\u00f3 total o parcial, \u00fas, distribuci\u00f3 i comunicaci\u00f3 p\u00fablica requereixen l&#8217;autoritzaci\u00f3 escrita pr\u00e8via per part del prestador. Qualsevol \u00fas no autoritzat pr\u00e8viament per part del prestador ser\u00e0 considerat un incompliment greu dels drets de propietat intel\u00b7lectual o industrial de lautor.<\/p>\n\n<p>Els dissenys, logotips, textos i\/o gr\u00e0fics aliens al prestador i que puguin apar\u00e8ixer al lloc web, pertanyen als seus respectius propietaris, sent ells mateixos els responsables de qualsevol possible controv\u00e8rsia que pogu\u00e9s esdevenir respecte a aquests. En tot cas, el prestador compta amb lautoritzaci\u00f3 expressa i pr\u00e8via per part dels mateixos.<\/p>\n\n<p>El prestador reconeix a favor dels seus titulars els corresponents drets de propietat industrial i intel\u00b7lectual, i no implica la menci\u00f3 o aparici\u00f3 al lloc web, de l&#8217;exist\u00e8ncia de drets o cap responsabilitat del prestador sobre aquests, com tampoc suport, patrocini o recomanaci\u00f3 per part del mateix.<\/p>\n\n<h3 class=\"wp-block-heading\">8. LLEI APLICABLE I JURISDICCI\u00d3<\/h3>\n\n<p>Per a la resoluci\u00f3 de les controv\u00e8rsies o q\u00fcestions relacionades amb aquesta p\u00e0gina web o de les activitats en aquesta desenvolupades, ser\u00e0 daplicaci\u00f3 la legislaci\u00f3 espanyola, a la qual se sotmeten expressament les parts, sent competents per la resoluci\u00f3 de tots els conflictes derivats o relacionats amb el seu \u00fas els Jutjats i Tribunals de Barcelona.<\/p>\n","protected":false},"excerpt":{"rendered":"<p>Per tal de donar compliment a l&#8217;article 10 de la Llei 34\/2002 de Serveis de la Societat de la Informaci\u00f3 i del Comer\u00e7 Electr\u00f2nic, informem els usuaris de les nostres dades: Denominaci\u00f3 Social: ROCOPARTS SLDomicili Social: Magdalena Corcoll 11, 08750 Molins de Rei (Barcelona)NIF: B65328353Tel\u00e8fon: 936730058E-Mail: info@rocoparts.esLloc Web: wwww.rocoparts.esDades Registrals: INSCRIT en el TOM 41886, [&hellip;]<\/p>\n","protected":false},"author":1,"featured_media":0,"parent":0,"menu_order":0,"comment_status":"closed","ping_status":"closed","template":"","meta":{"inline_featured_image":false,"footnotes":""},"class_list":["post-1022","page","type-page","status-publish","hentry"],"_links":{"self":[{"href":"https:\/\/www.rocoparts.es\/ca\/wp-json\/wp\/v2\/pages\/1022","targetHints":{"allow":["GET"]}}],"collection":[{"href":"https:\/\/www.rocoparts.es\/ca\/wp-json\/wp\/v2\/pages"}],"about":[{"href":"https:\/\/www.rocoparts.es\/ca\/wp-json\/wp\/v2\/types\/page"}],"author":[{"embeddable":true,"href":"https:\/\/www.rocoparts.es\/ca\/wp-json\/wp\/v2\/users\/1"}],"replies":[{"embeddable":true,"href":"https:\/\/www.rocoparts.es\/ca\/wp-json\/wp\/v2\/comments?post=1022"}],"version-history":[{"count":3,"href":"https:\/\/www.rocoparts.es\/ca\/wp-json\/wp\/v2\/pages\/1022\/revisions"}],"predecessor-version":[{"id":1025,"href":"https:\/\/www.rocoparts.es\/ca\/wp-json\/wp\/v2\/pages\/1022\/revisions\/1025"}],"wp:attachment":[{"href":"https:\/\/www.rocoparts.es\/ca\/wp-json\/wp\/v2\/media?parent=1022"}],"curies":[{"name":"wp","href":"https:\/\/api.w.org\/{rel}","templated":true}]}}